{"id":579,"date":"2022-11-08T17:09:58","date_gmt":"2022-11-08T22:09:58","guid":{"rendered":"https:\/\/www.transparencia.appcotecnova.es\/?page_id=579"},"modified":"2022-11-08T17:10:56","modified_gmt":"2022-11-08T22:10:56","slug":"informes-de-gestion-2022","status":"publish","type":"page","link":"https:\/\/www.transparencia.appcotecnova.es\/index.php\/informes-de-gestion-2022\/","title":{"rendered":"Informes de Gesti\u00f3n 2022"},"content":{"rendered":"\t\t<div data-elementor-type=\"wp-page\" data-elementor-id=\"579\" class=\"elementor elementor-579\" data-elementor-settings=\"[]\">\n\t\t\t\t\t\t<div class=\"elementor-inner\">\n\t\t\t\t\t\t\t<div class=\"elementor-section-wrap\">\n\t\t\t\t\t\t\t<section class=\"elementor-section elementor-top-section elementor-element elementor-element-2d36e987 elementor-section-content-middle elementor-section-boxed elementor-section-height-default elementor-section-height-default\" data-id=\"2d36e987\" data-element_type=\"section\">\n\t\t\t\t\t\t<div class=\"elementor-container elementor-column-gap-no\">\n\t\t\t\t\t\t\t<div class=\"elementor-row\">\n\t\t\t\t\t<div class=\"elementor-column elementor-col-100 elementor-top-column elementor-element elementor-element-5518e566\" data-id=\"5518e566\" data-element_type=\"column\">\n\t\t\t<div class=\"elementor-column-wrap elementor-element-populated\">\n\t\t\t\t\t\t\t<div class=\"elementor-widget-wrap\">\n\t\t\t\t\t\t<div class=\"elementor-element elementor-element-2fb2831c elementor-widget elementor-widget-heading\" data-id=\"2fb2831c\" data-element_type=\"widget\" data-widget_type=\"heading.default\">\n\t\t\t\t<div class=\"elementor-widget-container\">\n\t\t\t<h4 class=\"elementor-heading-title elementor-size-default\">Informes de Gesti\u00f3n 2022<\/h4>\t\t<\/div>\n\t\t\t\t<\/div>\n\t\t\t\t<div class=\"elementor-element elementor-element-30bf7d75 elementor-widget elementor-widget-text-editor\" data-id=\"30bf7d75\" data-element_type=\"widget\" data-widget_type=\"text-editor.default\">\n\t\t\t\t<div class=\"elementor-widget-container\">\n\t\t\t\t\t\t\t\t<div class=\"elementor-text-editor elementor-clearfix\">\n\t\t\t\t<p><a href=\"http:\/\/www.transparencia.appcotecnova.es\/wp-content\/uploads\/2022\/11\/Informe-de-gestionTrimestre-I-2022.pptx.pdf\" target=\"_blank\" rel=\"noopener\">Informe de gesti\u00f3n Primer Trimestre de 2022<\/a><\/p><p><a href=\"http:\/\/www.transparencia.appcotecnova.es\/wp-content\/uploads\/2022\/11\/Informe-Primer-semestre-de-2022.pptx.pdf\" target=\"_blank\" rel=\"noopener\">Informe de gesti\u00f3n Primer Semestre de 2022<\/a><\/p><p><a href=\"http:\/\/www.transparencia.appcotecnova.es\/wp-content\/uploads\/2022\/11\/Informe-Gestion-Tercer-trimestre-2022.pptx.pdf\" target=\"_blank\" rel=\"noopener\">Informe Gesti\u00f3n Tercer Trimestre 2022<\/a><\/p>\t\t\t\t\t<\/div>\n\t\t\t\t\t\t<\/div>\n\t\t\t\t<\/div>\n\t\t\t\t\t\t<\/div>\n\t\t\t\t\t<\/div>\n\t\t<\/div>\n\t\t\t\t\t\t\t\t<\/div>\n\t\t\t\t\t<\/div>\n\t\t<\/section>\n\t\t\t\t\t\t<\/div>\n\t\t\t\t\t\t<\/div>\n\t\t\t\t\t<\/div>\n\t\t","protected":false},"excerpt":{"rendered":"<p>Informes de Gesti\u00f3n 2022 Informe de gesti\u00f3n Primer Trimestre de 2022 Informe de gesti\u00f3n Primer Semestre de 2022 Informe Gesti\u00f3n Tercer Trimestre 2022<\/p>\n","protected":false},"author":1,"featured_media":0,"parent":0,"menu_order":0,"comment_status":"closed","ping_status":"closed","template":"","meta":[],"_links":{"self":[{"href":"https:\/\/www.transparencia.appcotecnova.es\/index.php\/wp-json\/wp\/v2\/pages\/579"}],"collection":[{"href":"https:\/\/www.transparencia.appcotecnova.es\/index.php\/wp-json\/wp\/v2\/pages"}],"about":[{"href":"https:\/\/www.transparencia.appcotecnova.es\/index.php\/wp-json\/wp\/v2\/types\/page"}],"author":[{"embeddable":true,"href":"https:\/\/www.transparencia.appcotecnova.es\/index.php\/wp-json\/wp\/v2\/users\/1"}],"replies":[{"embeddable":true,"href":"https:\/\/www.transparencia.appcotecnova.es\/index.php\/wp-json\/wp\/v2\/comments?post=579"}],"version-history":[{"count":3,"href":"https:\/\/www.transparencia.appcotecnova.es\/index.php\/wp-json\/wp\/v2\/pages\/579\/revisions"}],"predecessor-version":[{"id":582,"href":"https:\/\/www.transparencia.appcotecnova.es\/index.php\/wp-json\/wp\/v2\/pages\/579\/revisions\/582"}],"wp:attachment":[{"href":"https:\/\/www.transparencia.appcotecnova.es\/index.php\/wp-json\/wp\/v2\/media?parent=579"}],"curies":[{"name":"wp","href":"https:\/\/api.w.org\/{rel}","templated":true}]}}